{"id":77,"date":"2021-08-20T11:01:30","date_gmt":"2021-08-20T09:01:30","guid":{"rendered":"https:\/\/volejbalhospitality.cz\/?page_id=77"},"modified":"2021-08-20T14:59:38","modified_gmt":"2021-08-20T12:59:38","slug":"info","status":"publish","type":"page","link":"https:\/\/volejbalhospitality.cz\/en\/info\/","title":{"rendered":"Info"},"content":{"rendered":"<p class=\"qtranxs-available-languages-message qtranxs-available-languages-message-en\">Sorry, this entry is only available in <a href=\"https:\/\/volejbalhospitality.cz\/cs\/wp-json\/wp\/v2\/pages\/77\" class=\"qtranxs-available-language-link qtranxs-available-language-link-cs\" title=\"\u010ce\u0161tina\">\u010ce\u0161tina<\/a>.<\/p><p>Pro vstup na akci je nutn\u00e9 splnit podm\u00ednky pro vstup n\u00e1v\u0161t\u011bvn\u00edk\u016f na akci vydan\u00e9 platn\u00fdm mimo\u0159\u00e1dn\u00fdm opat\u0159en\u00edm Ministerstva zdravotnictv\u00ed \u010cR \u010di&nbsp;opat\u0159en\u00edmi vydan\u00fdmi p\u0159\u00edslu\u0161nou hygienickou stanic\u00ed v\u00a0Ostrav\u011b. K\u00a0aktu\u00e1ln\u00edmu dni se jedn\u00e1 o&nbsp;tyto podm\u00ednky:<\/p>\n<p>a) osoba (s&nbsp;v\u00fdjimkou d\u011bt\u00ed do dovr\u0161en\u00ed 6 let v\u011bku) absolvovala nejd\u00e9le p\u0159ed 7 dny RT-PCR vy\u0161et\u0159en\u00ed na p\u0159\u00edtomnost viru SARS CoV-2 s&nbsp;negativn\u00edm v\u00fdsledkem, nebo<\/p>\n<p>b) osoba (s&nbsp;v\u00fdjimkou d\u011bt\u00ed do dovr\u0161en\u00ed 6 let v\u011bku) absolvovala nejd\u00e9le p\u0159ed 72 hodinami POC test na p\u0159\u00edtomnost antigenu viru SARS CoV-2 s&nbsp;negativn\u00edm v\u00fdsledkem, nebo<\/p>\n<p>c) osoba (s&nbsp;v\u00fdjimkou d\u011bt\u00ed do dovr\u0161en\u00ed 6 let v\u011bku) byla o\u010dkov\u00e1na proti onemocn\u011bn\u00ed covid-19 a&nbsp;dolo\u017e\u00ed n\u00e1rodn\u00edm certifik\u00e1tem o&nbsp;proveden\u00e9m o\u010dkov\u00e1n\u00ed nebo n\u00e1rodn\u00edm certifik\u00e1tem o&nbsp;dokon\u010den\u00e9m o\u010dkov\u00e1n\u00ed, \u017ee u&nbsp;o\u010dkov\u00e1n\u00ed uplynulo:<br \/>\ni) od aplikace druh\u00e9 d\u00e1vky o\u010dkovac\u00ed l\u00e1tky v&nbsp;p\u0159\u00edpad\u011b dvoud\u00e1vkov\u00e9ho sch\u00e9matu podle souhrnu \u00fadaj\u016f o&nbsp;l\u00e9\u010div\u00e9m p\u0159\u00edpravku (d\u00e1le jen \u201eSPC\u201c) nejm\u00e9n\u011b 14 dn\u00ed, nebo<br \/>\nii) od aplikace d\u00e1vky o\u010dkovac\u00ed l\u00e1tky v&nbsp;p\u0159\u00edpad\u011b jednod\u00e1vkov\u00e9ho sch\u00e9matu podle SPC nejm\u00e9n\u011b 14 dn\u00ed,<\/p>\n<p>Za n\u00e1rodn\u00ed certifik\u00e1t o&nbsp;proveden\u00e9m o\u010dkov\u00e1n\u00ed se pova\u017euje p\u00edsemn\u00e9 potvrzen\u00ed vydan\u00e9 v&nbsp;\u00fa\u0159edn\u00edm jazyce \u010dlensk\u00e9ho st\u00e1tu Evropsk\u00e9 unie nebo v&nbsp;anglick\u00e9m jazyce opr\u00e1vn\u011bn\u00fdm subjektem p\u016fsob\u00edc\u00edm v&nbsp;\u010cesk\u00e9 republice nebo v&nbsp;jin\u00e9m \u010dlensk\u00e9m st\u00e1t\u011b Evropsk\u00e9 unie, jeho\u017e vzor je zve\u0159ejn\u011bn v&nbsp;seznamu uznan\u00fdch n\u00e1rodn\u00edch certifik\u00e1t\u016f na internetov\u00fdch str\u00e1nk\u00e1ch Ministerstva zdravotnictv\u00ed \u010cesk\u00e9 republiky, kter\u00e9 obsahuje \u00fadaje o&nbsp;o\u010dkovan\u00e9 osob\u011b, podan\u00e9mu typu vakc\u00edny, datu pod\u00e1n\u00ed vakc\u00edny a&nbsp;identifikaci subjektu, kter\u00fd potvrzen\u00ed vydal; za n\u00e1rodn\u00ed certifik\u00e1t o&nbsp;proveden\u00e9m o\u010dkov\u00e1n\u00ed se d\u00e1le pova\u017euje certifik\u00e1t o&nbsp;o\u010dkov\u00e1n\u00ed vyd\u00e1van\u00fd podle na\u0159\u00edzen\u00ed Evropsk\u00e9 unie o&nbsp;digit\u00e1ln\u00edm certifik\u00e1tu EU COVID; za n\u00e1rodn\u00ed certifik\u00e1t o&nbsp;dokon\u010den\u00e9m o\u010dkov\u00e1n\u00ed se pova\u017euje p\u00edsemn\u00e9 potvrzen\u00ed vydan\u00e9 alespo\u0148 v&nbsp;anglick\u00e9m jazyce opr\u00e1vn\u011bn\u00fdm subjektem p\u016fsob\u00edc\u00edm v&nbsp;t\u0159et\u00ed zemi ob\u010danovi \u010cR nebo ob\u010danovi Evropsk\u00e9 unie s&nbsp;vydan\u00fdm potvrzen\u00edm k&nbsp;p\u0159echodn\u00e9mu pobytu nebo povolen\u00edm k&nbsp;trval\u00e9mu pobytu \u010ceskou republikou, o&nbsp;tom, \u017ee o\u010dkov\u00e1n\u00ed l\u00e1tkou schv\u00e1lenou Evropskou l\u00e9kovou agenturou bylo pln\u011b dokon\u010deno a&nbsp;jeho vzor je zve\u0159ejn\u011bn v&nbsp;seznamu uznan\u00fdch n\u00e1rodn\u00edch certifik\u00e1t\u016f na internetov\u00fdch str\u00e1nk\u00e1ch Ministerstva zdravotnictv\u00ed \u010cesk\u00e9 republiky; p\u00edsemn\u00e9 potvrzen\u00ed mus\u00ed obsahovat \u00fadaje o&nbsp;o\u010dkovan\u00e9 osob\u011b, podan\u00e9mu typu vakc\u00edny, datu pod\u00e1n\u00ed vakc\u00edny, identifikaci subjektu, kter\u00fd potvrzen\u00ed vydal a&nbsp;tyto \u00fadaje mus\u00ed b\u00fdt mo\u017en\u00e9 ov\u011b\u0159it d\u00e1lkov\u00fdm p\u0159\u00edstupem p\u0159\u00edmo z&nbsp;p\u00edsemn\u00e9ho potvrzen\u00ed.<\/p>\n<p>N\u00e1v\u0161t\u011bvn\u00edci jsou povinni respektovat aktu\u00e1ln\u00ed platn\u00e1 na\u0159\u00edzen\u00ed ohledn\u011b povinnosti m\u00edt nasazen\u00fd\u00a0respir\u00e1tor\u00a0\u010di jin\u00fd ochrann\u00fd prost\u0159edek bez v\u00fddechov\u00e9ho ventilu s\u00a0filtra\u010dn\u00ed \u00fa\u010dinnost\u00ed alespo\u0148 94% (t\u0159\u00edda FFP2 \/ KN 95)\u00a0\u010di\u00a0chirurgickou rou\u0161ku.\u00a0L\u00e1tkov\u00e9 rou\u0161ky, \u0161\u00e1ly \u010di&nbsp;\u0161\u00e1tky nejsou nad\u00e1le pova\u017eov\u00e1ny za dostate\u010dnou ochranu.<\/p>\n<p>V\u00a0r\u00e1mci are\u00e1lu jsou pak n\u00e1v\u0161t\u011bvn\u00edci d\u00e1le povinni dodr\u017eovat aktu\u00e1ln\u011b platn\u00e1 na\u0159\u00edzen\u00ed, kter\u00e1 mohou obsahovat dal\u0161\u00ed speci\u00e1ln\u00ed podm\u00ednky pro pohyb ve vnit\u0159n\u00edch prostor\u00e1ch (povinnost m\u00edt v\u017edy nasazen\u00fd respir\u00e1tor, dodr\u017eovat rozestupy alespo\u0148 1,5&nbsp;m).<\/p>\n<p>&nbsp;<\/p>","protected":false},"excerpt":{"rendered":"<p>Sorry, this entry is only available in \u010ce\u0161tina.Pro vstup na akci je nutn\u00e9 splnit podm\u00ednky pro vstup n\u00e1v\u0161t\u011bvn\u00edk\u016f na akci vydan\u00e9 platn\u00fdm mimo\u0159\u00e1dn\u00fdm opat\u0159en\u00edm Ministerstva zdravotnictv\u00ed \u010cR \u010di&nbsp;opat\u0159en\u00edmi vydan\u00fdmi p\u0159\u00edslu\u0161nou hygienickou stanic\u00ed v\u00a0Ostrav\u011b. K\u00a0aktu\u00e1ln\u00edmu dni se jedn\u00e1 o&nbsp;tyto podm\u00ednky: a) osoba (s&nbsp;v\u00fdjimkou d\u011bt\u00ed do dovr\u0161en\u00ed 6 let v\u011bku) absolvovala nejd\u00e9le p\u0159ed 7 dny RT-PCR vy\u0161et\u0159en\u00ed<\/p>\n<div><a class=\"btn-filled btn\" href=\"https:\/\/volejbalhospitality.cz\/en\/info\/\" title=\"Info\">Read More<\/a><\/div>\n","protected":false},"author":1,"featured_media":0,"parent":0,"menu_order":0,"comment_status":"closed","ping_status":"closed","template":"page-templates\/info.php","meta":{"footnotes":""},"class_list":["post-77","page","type-page","status-publish","hentry"],"_links":{"self":[{"href":"https:\/\/volejbalhospitality.cz\/en\/wp-json\/wp\/v2\/pages\/77"}],"collection":[{"href":"https:\/\/volejbalhospitality.cz\/en\/wp-json\/wp\/v2\/pages"}],"about":[{"href":"https:\/\/volejbalhospitality.cz\/en\/wp-json\/wp\/v2\/types\/page"}],"author":[{"embeddable":true,"href":"https:\/\/volejbalhospitality.cz\/en\/wp-json\/wp\/v2\/users\/1"}],"replies":[{"embeddable":true,"href":"https:\/\/volejbalhospitality.cz\/en\/wp-json\/wp\/v2\/comments?post=77"}],"version-history":[{"count":4,"href":"https:\/\/volejbalhospitality.cz\/en\/wp-json\/wp\/v2\/pages\/77\/revisions"}],"predecessor-version":[{"id":130,"href":"https:\/\/volejbalhospitality.cz\/en\/wp-json\/wp\/v2\/pages\/77\/revisions\/130"}],"wp:attachment":[{"href":"https:\/\/volejbalhospitality.cz\/en\/wp-json\/wp\/v2\/media?parent=77"}],"curies":[{"name":"wp","href":"https:\/\/api.w.org\/{rel}","templated":true}]}}